{"id":150,"date":"2024-05-10T21:42:29","date_gmt":"2024-05-10T18:42:29","guid":{"rendered":"https:\/\/ticaretakdeniz.com\/?page_id=150"},"modified":"2024-05-14T21:02:14","modified_gmt":"2024-05-14T18:02:14","slug":"hakkimizda","status":"publish","type":"page","link":"https:\/\/ticaretakdeniz.com\/index.php\/hakkimizda\/","title":{"rendered":"Hakk\u0131m\u0131zda"},"content":{"rendered":"\t\t<div data-elementor-type=\"wp-page\" data-elementor-id=\"150\" class=\"elementor elementor-150\" data-elementor-post-type=\"page\">\n\t\t\t\t\t\t<section class=\"elementor-section elementor-top-section elementor-element elementor-element-7887c4f9 elementor-section-boxed elementor-section-height-default elementor-section-height-default\" data-id=\"7887c4f9\" data-element_type=\"section\" data-e-type=\"section\" data-settings=\"{&quot;background_background&quot;:&quot;classic&quot;,&quot;background_motion_fx_motion_fx_scrolling&quot;:&quot;yes&quot;,&quot;background_motion_fx_translateX_effect&quot;:&quot;yes&quot;,&quot;background_motion_fx_translateX_speed&quot;:{&quot;unit&quot;:&quot;px&quot;,&quot;size&quot;:4,&quot;sizes&quot;:[]},&quot;background_motion_fx_translateX_affectedRange&quot;:{&quot;unit&quot;:&quot;%&quot;,&quot;size&quot;:&quot;&quot;,&quot;sizes&quot;:{&quot;start&quot;:0,&quot;end&quot;:100}},&quot;background_motion_fx_devices&quot;:[&quot;desktop&quot;,&quot;tablet&quot;,&quot;mobile&quot;]}\">\n\t\t\t\t\t\t\t<div class=\"elementor-background-overlay\"><\/div>\n\t\t\t\t\t\t\t<div class=\"elementor-container elementor-column-gap-default\">\n\t\t\t\t\t<div class=\"elementor-column elementor-col-100 elementor-top-column elementor-element elementor-element-577e850\" data-id=\"577e850\" data-element_type=\"column\" data-e-type=\"column\">\n\t\t\t<div class=\"elementor-widget-wrap elementor-element-populated\">\n\t\t\t\t\t\t<div class=\"elementor-element elementor-element-386c8210 elementor-widget elementor-widget-heading\" data-id=\"386c8210\" data-element_type=\"widget\" data-e-type=\"widget\" data-widget_type=\"heading.default\">\n\t\t\t\t<div class=\"elementor-widget-container\">\n\t\t\t\t\t<h2 class=\"elementor-heading-title elementor-size-default\">Hakk\u0131m\u0131zda<\/h2>\t\t\t\t<\/div>\n\t\t\t\t<\/div>\n\t\t\t\t\t<\/div>\n\t\t<\/div>\n\t\t\t\t\t<\/div>\n\t\t<\/section>\n\t\t<div class=\"elementor-element elementor-element-e052792 e-flex e-con-boxed e-con e-parent\" data-id=\"e052792\" data-element_type=\"container\" data-e-type=\"container\">\n\t\t\t\t\t<div class=\"e-con-inner\">\n\t\t\t\t\t<\/div>\n\t\t\t\t<\/div>\n\t\t<div class=\"elementor-element elementor-element-7359b479 e-con-full e-flex e-con e-parent\" data-id=\"7359b479\" data-element_type=\"container\" data-e-type=\"container\" data-settings=\"{&quot;background_background&quot;:&quot;classic&quot;}\">\n\t\t<div class=\"elementor-element elementor-element-45f9988e e-con-full e-flex e-con e-child\" data-id=\"45f9988e\" data-element_type=\"container\" data-e-type=\"container\" data-settings=\"{&quot;background_background&quot;:&quot;classic&quot;}\">\n\t\t\t\t<\/div>\n\t\t<div class=\"elementor-element elementor-element-1b7258b5 e-con-full e-flex e-con e-child\" data-id=\"1b7258b5\" data-element_type=\"container\" data-e-type=\"container\">\n\t\t<div class=\"elementor-element elementor-element-42db7196 e-con-full e-flex e-con e-child\" data-id=\"42db7196\" data-element_type=\"container\" data-e-type=\"container\">\n\t\t\t\t<div class=\"elementor-element elementor-element-50c64586 elementor-widget__width-initial elementor-widget-mobile__width-initial elementor-view-default elementor-position-block-start elementor-mobile-position-block-start elementor-widget elementor-widget-icon-box\" data-id=\"50c64586\" data-element_type=\"widget\" data-e-type=\"widget\" data-widget_type=\"icon-box.default\">\n\t\t\t\t<div class=\"elementor-widget-container\">\n\t\t\t\t\t\t\t<div class=\"elementor-icon-box-wrapper\">\n\n\t\t\t\t\t\t<div class=\"elementor-icon-box-icon\">\n\t\t\t\t<span  class=\"elementor-icon\">\n\t\t\t\t<svg aria-hidden=\"true\" class=\"e-font-icon-svg e-far-building\" viewBox=\"0 0 448 512\" xmlns=\"http:\/\/www.w3.org\/2000\/svg\"><path d=\"M128 148v-40c0-6.6 5.4-12 12-12h40c6.6 0 12 5.4 12 12v40c0 6.6-5.4 12-12 12h-40c-6.6 0-12-5.4-12-12zm140 12h40c6.6 0 12-5.4 12-12v-40c0-6.6-5.4-12-12-12h-40c-6.6 0-12 5.4-12 12v40c0 6.6 5.4 12 12 12zm-128 96h40c6.6 0 12-5.4 12-12v-40c0-6.6-5.4-12-12-12h-40c-6.6 0-12 5.4-12 12v40c0 6.6 5.4 12 12 12zm128 0h40c6.6 0 12-5.4 12-12v-40c0-6.6-5.4-12-12-12h-40c-6.6 0-12 5.4-12 12v40c0 6.6 5.4 12 12 12zm-76 84v-40c0-6.6-5.4-12-12-12h-40c-6.6 0-12 5.4-12 12v40c0 6.6 5.4 12 12 12h40c6.6 0 12-5.4 12-12zm76 12h40c6.6 0 12-5.4 12-12v-40c0-6.6-5.4-12-12-12h-40c-6.6 0-12 5.4-12 12v40c0 6.6 5.4 12 12 12zm180 124v36H0v-36c0-6.6 5.4-12 12-12h19.5V24c0-13.3 10.7-24 24-24h337c13.3 0 24 10.7 24 24v440H436c6.6 0 12 5.4 12 12zM79.5 463H192v-67c0-6.6 5.4-12 12-12h40c6.6 0 12 5.4 12 12v67h112.5V49L80 48l-.5 415z\"><\/path><\/svg>\t\t\t\t<\/span>\n\t\t\t<\/div>\n\t\t\t\n\t\t\t\t\t\t<div class=\"elementor-icon-box-content\">\n\n\t\t\t\t\t\t\t\t\t<h3 class=\"elementor-icon-box-title\">\n\t\t\t\t\t\t<span  >\n\t\t\t\t\t\t\tMerkez\t\t\t\t\t\t<\/span>\n\t\t\t\t\t<\/h3>\n\t\t\t\t\n\t\t\t\t\t\t\t\t\t<p class=\"elementor-icon-box-description\">\n\t\t\t\t\t\t\u015eirketimiz 1978 y\u0131l\u0131ndan bu yana Demir \u00c7elik sekt\u00f6r\u00fcnde Siyah Sac, Galvanizli Sac, Levha Sac, Baklaval\u0131\/G\u00f6zya\u015f\u0131 Desenli Sac, Hadde Demir \u00e7e\u015fitleri ticareti yapmaktad\u0131r.\t\t\t\t\t<\/p>\n\t\t\t\t\n\t\t\t<\/div>\n\t\t\t\n\t\t<\/div>\n\t\t\t\t\t\t<\/div>\n\t\t\t\t<\/div>\n\t\t\t\t<div class=\"elementor-element elementor-element-1849a26 elementor-widget__width-initial elementor-widget-mobile__width-initial elementor-view-default elementor-position-block-start elementor-mobile-position-block-start elementor-widget elementor-widget-icon-box\" data-id=\"1849a26\" data-element_type=\"widget\" data-e-type=\"widget\" data-widget_type=\"icon-box.default\">\n\t\t\t\t<div class=\"elementor-widget-container\">\n\t\t\t\t\t\t\t<div class=\"elementor-icon-box-wrapper\">\n\n\t\t\t\t\t\t<div class=\"elementor-icon-box-icon\">\n\t\t\t\t<span  class=\"elementor-icon\">\n\t\t\t\t<svg aria-hidden=\"true\" class=\"e-font-icon-svg e-fas-thermometer-three-quarters\" viewBox=\"0 0 256 512\" xmlns=\"http:\/\/www.w3.org\/2000\/svg\"><path d=\"M192 384c0 35.346-28.654 64-64 64-35.346 0-64-28.654-64-64 0-23.685 12.876-44.349 32-55.417V160c0-17.673 14.327-32 32-32s32 14.327 32 32v168.583c19.124 11.068 32 31.732 32 55.417zm32-84.653c19.912 22.563 32 52.194 32 84.653 0 70.696-57.303 128-128 128-.299 0-.609-.001-.909-.003C56.789 511.509-.357 453.636.002 383.333.166 351.135 12.225 321.755 32 299.347V96c0-53.019 42.981-96 96-96s96 42.981 96 96v203.347zM208 384c0-34.339-19.37-52.19-32-66.502V96c0-26.467-21.533-48-48-48S80 69.533 80 96v221.498c-12.732 14.428-31.825 32.1-31.999 66.08-.224 43.876 35.563 80.116 79.423 80.42L128 464c44.112 0 80-35.888 80-80z\"><\/path><\/svg>\t\t\t\t<\/span>\n\t\t\t<\/div>\n\t\t\t\n\t\t\t\t\t\t<div class=\"elementor-icon-box-content\">\n\n\t\t\t\t\t\t\t\t\t<h3 class=\"elementor-icon-box-title\">\n\t\t\t\t\t\t<span  >\n\t\t\t\t\t\t\tBilimsel\t\t\t\t\t\t<\/span>\n\t\t\t\t\t<\/h3>\n\t\t\t\t\n\t\t\t\t\t\t\t\t\t<p class=\"elementor-icon-box-description\">\n\t\t\t\t\t\t1993 y\u0131l\u0131nda i\u00e7 piyasadan \u00e7\u0131k\u0131p sadece ihracat firmas\u0131 olarak faaliyet g\u00f6stermeye ba\u015flam\u0131\u015ft\u0131r.\t\t\t\t\t<\/p>\n\t\t\t\t\n\t\t\t<\/div>\n\t\t\t\n\t\t<\/div>\n\t\t\t\t\t\t<\/div>\n\t\t\t\t<\/div>\n\t\t\t\t<div class=\"elementor-element elementor-element-6d34afb8 elementor-widget__width-initial elementor-widget-mobile__width-initial elementor-view-default elementor-position-block-start elementor-mobile-position-block-start elementor-widget elementor-widget-icon-box\" data-id=\"6d34afb8\" data-element_type=\"widget\" data-e-type=\"widget\" data-widget_type=\"icon-box.default\">\n\t\t\t\t<div class=\"elementor-widget-container\">\n\t\t\t\t\t\t\t<div class=\"elementor-icon-box-wrapper\">\n\n\t\t\t\t\t\t<div class=\"elementor-icon-box-icon\">\n\t\t\t\t<span  class=\"elementor-icon\">\n\t\t\t\t<svg aria-hidden=\"true\" class=\"e-font-icon-svg e-fab-connectdevelop\" viewBox=\"0 0 576 512\" xmlns=\"http:\/\/www.w3.org\/2000\/svg\"><path d=\"M550.5 241l-50.089-86.786c1.071-2.142 1.875-4.553 1.875-7.232 0-8.036-6.696-14.733-14.732-15.001l-55.447-95.893c.536-1.607 1.071-3.214 1.071-4.821 0-8.571-6.964-15.268-15.268-15.268-4.821 0-8.839 2.143-11.786 5.625H299.518C296.839 18.143 292.821 16 288 16s-8.839 2.143-11.518 5.625H170.411C167.464 18.143 163.447 16 158.625 16c-8.303 0-15.268 6.696-15.268 15.268 0 1.607.536 3.482 1.072 4.821l-55.983 97.233c-5.356 2.41-9.107 7.5-9.107 13.661 0 .535.268 1.071.268 1.607l-53.304 92.143c-7.232 1.339-12.59 7.5-12.59 15 0 7.232 5.089 13.393 12.054 15l55.179 95.358c-.536 1.607-.804 2.946-.804 4.821 0 7.232 5.089 13.393 12.054 14.732l51.697 89.732c-.536 1.607-1.071 3.482-1.071 5.357 0 8.571 6.964 15.268 15.268 15.268 4.821 0 8.839-2.143 11.518-5.357h106.875C279.161 493.857 283.447 496 288 496s8.839-2.143 11.518-5.357h107.143c2.678 2.946 6.696 4.821 10.982 4.821 8.571 0 15.268-6.964 15.268-15.268 0-1.607-.267-2.946-.803-4.285l51.697-90.268c6.964-1.339 12.054-7.5 12.054-14.732 0-1.607-.268-3.214-.804-4.821l54.911-95.358c6.964-1.339 12.322-7.5 12.322-15-.002-7.232-5.092-13.393-11.788-14.732zM153.535 450.732l-43.66-75.803h43.66v75.803zm0-83.839h-43.66c-.268-1.071-.804-2.142-1.339-3.214l44.999-47.41v50.624zm0-62.411l-50.357 53.304c-1.339-.536-2.679-1.34-4.018-1.607L43.447 259.75c.535-1.339.535-2.679.535-4.018s0-2.41-.268-3.482l51.965-90c2.679-.268 5.357-1.072 7.768-2.679l50.089 51.965v92.946zm0-102.322l-45.803-47.41c1.339-2.143 2.143-4.821 2.143-7.767 0-.268-.268-.804-.268-1.072l43.928-15.804v72.053zm0-80.625l-43.66 15.804 43.66-75.536v59.732zm326.519 39.108l.804 1.339L445.5 329.125l-63.75-67.232 98.036-101.518.268.268zM291.75 355.107l11.518 11.786H280.5l11.25-11.786zm-.268-11.25l-83.303-85.446 79.553-84.375 83.036 87.589-79.286 82.232zm5.357 5.893l79.286-82.232 67.5 71.25-5.892 28.125H313.714l-16.875-17.143zM410.411 44.393c1.071.536 2.142 1.072 3.482 1.34l57.857 100.714v.536c0 2.946.803 5.624 2.143 7.767L376.393 256l-83.035-87.589L410.411 44.393zm-9.107-2.143L287.732 162.518l-57.054-60.268 166.339-60h4.287zm-123.483 0c2.678 2.678 6.16 4.285 10.179 4.285s7.5-1.607 10.179-4.285h75L224.786 95.821 173.893 42.25h103.928zm-116.249 5.625l1.071-2.142a33.834 33.834 0 0 0 2.679-.804l51.161 53.84-54.911 19.821V47.875zm0 79.286l60.803-21.964 59.732 63.214-79.553 84.107-40.982-42.053v-83.304zm0 92.678L198 257.607l-36.428 38.304v-76.072zm0 87.858l42.053-44.464 82.768 85.982-17.143 17.678H161.572v-59.196zm6.964 162.053c-1.607-1.607-3.482-2.678-5.893-3.482l-1.071-1.607v-89.732h99.91l-91.607 94.821h-1.339zm129.911 0c-2.679-2.41-6.428-4.285-10.447-4.285s-7.767 1.875-10.447 4.285h-96.429l91.607-94.821h38.304l91.607 94.821H298.447zm120-11.786l-4.286 7.5c-1.339.268-2.41.803-3.482 1.339l-89.196-91.875h114.376l-17.412 83.036zm12.856-22.232l12.858-60.803h21.964l-34.822 60.803zm34.822-68.839h-20.357l4.553-21.16 17.143 18.214c-.535.803-1.071 1.874-1.339 2.946zm66.161-107.411l-55.447 96.697c-1.339.535-2.679 1.071-4.018 1.874l-20.625-21.964 34.554-163.928 45.803 79.286c-.267 1.339-.803 2.678-.803 4.285 0 1.339.268 2.411.536 3.75z\"><\/path><\/svg>\t\t\t\t<\/span>\n\t\t\t<\/div>\n\t\t\t\n\t\t\t\t\t\t<div class=\"elementor-icon-box-content\">\n\n\t\t\t\t\t\t\t\t\t<h3 class=\"elementor-icon-box-title\">\n\t\t\t\t\t\t<span  >\n\t\t\t\t\t\t\tGeli\u015fim\t\t\t\t\t\t<\/span>\n\t\t\t\t\t<\/h3>\n\t\t\t\t\n\t\t\t\t\t\t\t\t\t<p class=\"elementor-icon-box-description\">\n\t\t\t\t\t\tY\u0131llar\u0131n kazand\u0131rd\u0131\u011f\u0131 tecr\u00fcbe ve deneyimimizi her ge\u00e7en g\u00fcn yenileyerek, de\u011ferli m\u00fc\u015fterilerimizin memnuniyetini sa\u011flamay\u0131 ilke edindik.\t\t\t\t\t<\/p>\n\t\t\t\t\n\t\t\t<\/div>\n\t\t\t\n\t\t<\/div>\n\t\t\t\t\t\t<\/div>\n\t\t\t\t<\/div>\n\t\t\t\t<div class=\"elementor-element elementor-element-35556f25 elementor-widget__width-initial elementor-widget-mobile__width-initial elementor-view-default elementor-position-block-start elementor-mobile-position-block-start elementor-widget elementor-widget-icon-box\" data-id=\"35556f25\" data-element_type=\"widget\" data-e-type=\"widget\" data-widget_type=\"icon-box.default\">\n\t\t\t\t<div class=\"elementor-widget-container\">\n\t\t\t\t\t\t\t<div class=\"elementor-icon-box-wrapper\">\n\n\t\t\t\t\t\t<div class=\"elementor-icon-box-icon\">\n\t\t\t\t<span  class=\"elementor-icon\">\n\t\t\t\t<i aria-hidden=\"true\" class=\"icon icon-planet-earth\"><\/i>\t\t\t\t<\/span>\n\t\t\t<\/div>\n\t\t\t\n\t\t\t\t\t\t<div class=\"elementor-icon-box-content\">\n\n\t\t\t\t\t\t\t\t\t<h3 class=\"elementor-icon-box-title\">\n\t\t\t\t\t\t<span  >\n\t\t\t\t\t\t\tGlobal\t\t\t\t\t\t<\/span>\n\t\t\t\t\t<\/h3>\n\t\t\t\t\n\t\t\t\t\t\t\t\t\t<p class=\"elementor-icon-box-description\">\n\t\t\t\t\t\tAna faaliyeti ihracat \u00fczerine olan firmam\u0131z, i\u00e7 piyasan\u0131n ihtiya\u00e7lar\u0131na da cevap verecek \u015fekilde yap\u0131lanma s\u00fcrecini ba\u015flatm\u0131\u015ft\u0131r. Hedefimiz her zaman sekt\u00f6rde g\u00fcvenilen, aranan firma \u00f6zelli\u011fimizi s\u00fcrd\u00fcrebilmektedir.\t\t\t\t\t<\/p>\n\t\t\t\t\n\t\t\t<\/div>\n\t\t\t\n\t\t<\/div>\n\t\t\t\t\t\t<\/div>\n\t\t\t\t<\/div>\n\t\t\t\t<\/div>\n\t\t\t\t<\/div>\n\t\t\t\t<\/div>\n\t\t\t\t<\/div>\n\t\t","protected":false},"excerpt":{"rendered":"<p>Hakk\u0131m\u0131zda Merkez \u015eirketimiz 1978 y\u0131l\u0131ndan bu yana Demir \u00c7elik sekt\u00f6r\u00fcnde Siyah Sac, Galvanizli Sac, Levha Sac, Baklaval\u0131\/G\u00f6zya\u015f\u0131 Desenli Sac, Hadde Demir \u00e7e\u015fitleri ticareti yapmaktad\u0131r. Bilimsel 1993 y\u0131l\u0131nda i\u00e7 piyasadan \u00e7\u0131k\u0131p sadece ihracat firmas\u0131 olarak faaliyet g\u00f6stermeye ba\u015flam\u0131\u015ft\u0131r. Geli\u015fim Y\u0131llar\u0131n kazand\u0131rd\u0131\u011f\u0131 tecr\u00fcbe ve deneyimimizi her ge\u00e7en g\u00fcn yenileyerek, de\u011ferli m\u00fc\u015fterilerimizin memnuniyetini sa\u011flamay\u0131 ilke edindik. Global Ana [&hellip;]<\/p>\n","protected":false},"author":1,"featured_media":0,"parent":0,"menu_order":0,"comment_status":"closed","ping_status":"closed","template":"","meta":{"_joinchat":[],"footnotes":""},"class_list":["post-150","page","type-page","status-publish","hentry"],"_links":{"self":[{"href":"https:\/\/ticaretakdeniz.com\/index.php\/wp-json\/wp\/v2\/pages\/150","targetHints":{"allow":["GET"]}}],"collection":[{"href":"https:\/\/ticaretakdeniz.com\/index.php\/wp-json\/wp\/v2\/pages"}],"about":[{"href":"https:\/\/ticaretakdeniz.com\/index.php\/wp-json\/wp\/v2\/types\/page"}],"author":[{"embeddable":true,"href":"https:\/\/ticaretakdeniz.com\/index.php\/wp-json\/wp\/v2\/users\/1"}],"replies":[{"embeddable":true,"href":"https:\/\/ticaretakdeniz.com\/index.php\/wp-json\/wp\/v2\/comments?post=150"}],"version-history":[{"count":13,"href":"https:\/\/ticaretakdeniz.com\/index.php\/wp-json\/wp\/v2\/pages\/150\/revisions"}],"predecessor-version":[{"id":367,"href":"https:\/\/ticaretakdeniz.com\/index.php\/wp-json\/wp\/v2\/pages\/150\/revisions\/367"}],"wp:attachment":[{"href":"https:\/\/ticaretakdeniz.com\/index.php\/wp-json\/wp\/v2\/media?parent=150"}],"curies":[{"name":"wp","href":"https:\/\/api.w.org\/{rel}","templated":true}]}}